{"id":389,"date":"2011-07-07T14:19:33","date_gmt":"2011-07-07T13:19:33","guid":{"rendered":"http:\/\/www.azv-nordkreis-weimar.de\/wop"},"modified":"2026-03-19T13:20:43","modified_gmt":"2026-03-19T12:20:43","slug":"aktuell","status":"publish","type":"page","link":"https:\/\/www.azv-nordkreis-weimar.de\/wop\/aktuell\/","title":{"rendered":"Aktuelles"},"content":{"rendered":"<table style=\"border-style: none;\" width=\"95%\">\n<tbody>\n<tr>\n<td style=\"text-align: left; padding: 15px; border-style: none;\">\u00a0<\/td>\n<\/tr>\n<\/tbody>\n<\/table>\n<table style=\"border-style: none;\" width=\"95%\">\n<tbody>\n<tr>\n<td style=\"text-align: left; padding: 15px; border-style: none;\">\n<p><strong>Sehr geehrte Abwasserkunden! <\/strong><\/p>\n<p><strong>Der Tourenplan zur F\u00e4kalienentsorgung Ihrer Kleinkl\u00e4ranlage entnehmen Sie bitte dem Link:<\/strong><\/p>\n<p><strong><a href=\"https:\/\/www.azv-nordkreis-weimar.de\/wop\/wp-content\/uploads\/2026\/03\/1.-Tourenplan-ANW-2026.pdf\">1. Tourenplan 2026\u00a0<\/a><\/strong><\/p>\n<p>\u00a0<\/p>\n<p><strong> \u00dcber die Amtsbl\u00e4tter der Gemeinden wird der Tourenplan zus\u00e4tzlich ver\u00f6ffentlicht:<\/strong><\/p>\n<p><strong>Den Tourenplan f\u00fcr die Gemeinden Am Ettersberg, Ettersburg, Ballstedt, Neumark entnehmen Sie bitte dem Ettersberg-Journal unter:<\/strong><br \/><strong><a href=\"https:\/\/www.am-ettersberg.de\" target=\"_blank\" rel=\"noopener\">https:\/\/www.am-ettersberg.de\/<\/a><\/strong><\/p>\n<p><strong>Den Tourenplan f\u00fcr die Gemeinde Ilmtal-Weinstra\u00dfe entnehmen Sie dem Amtsblatt der Ilmtal-Weinstra\u00dfe unter:<\/strong><br \/><strong><a href=\"https:\/\/www.ilmtal-weinstrasse.de\/\" target=\"_blank\" rel=\"noopener\">https:\/\/www.ilmtal-weinstrasse.de\/<\/a><\/strong><\/p>\n<hr \/>\n<p><strong>Im Rahmen der F\u00f6rderma\u00dfnahme <a href=\"https:\/\/kommunen-innovativ.de\/ole.html\">&#8222;Kommunen innovativ&#8220;<\/a> war der Abwasserzweckverband Nordkreis Weimar als Projektpartner des Forschungsprojektes &#8222;OLE &#8211; Organisation l\u00e4ndlicher Energiekonzepte&#8220; t\u00e4tig.\u00a0<\/strong><\/p>\n<p><strong>Der Projektleitfaden ist unter <a href=\"https:\/\/kommunen-innovativ.de\/ole.html\">Kommunen innovativ<\/a> oder <a href=\"https:\/\/kommunen-innovativ.de\/sites\/default\/files\/ole_leitfaden.pdf\">direkt als Download<\/a> verf\u00fcgbar. Die <a href=\"https:\/\/www.uni-weimar.de\/de\/bau-und-umwelt\/forschung\/projekt-ole\/\">Projekthomepage<\/a> f\u00fchrt die Universit\u00e4t Weimar.<\/strong><\/p>\n<p><strong>Zus\u00e4tzlich ist <a href=\"https:\/\/360-degree.education\/OLE\/\">ein virtueller Rundgang innerhalb unseres Verbandgebietes<\/a>\u00a0entstanden, welcher die Potenziale verdeutlicht.\u00a0<\/strong><\/p>\n<hr \/>\n<p>Ansprechpartner:<br \/>Abwasserzweckverband \u201eNordkreis Weimar\u201c<br \/>Buttelstedt, Markt 2, 99439 Am Ettersberg<br \/>Gesch\u00e4ftsleiter: Dr. Dirk Friedrich<br \/>Tel. 036451 738788<\/p>\n<\/td>\n<\/tr>\n<\/tbody>\n<\/table>\n\n\n<p><\/p>\n","protected":false},"excerpt":{"rendered":"<p>\u00a0 Sehr geehrte Abwasserkunden! Der Tourenplan zur F\u00e4kalienentsorgung Ihrer Kleinkl\u00e4ranlage entnehmen Sie bitte dem Link: 1. Tourenplan 2026\u00a0 \u00a0 \u00dcber die Amtsbl\u00e4tter der Gemeinden wird der Tourenplan zus\u00e4tzlich ver\u00f6ffentlicht: Den Tourenplan f\u00fcr die Gemeinden Am Ettersberg, Ettersburg, Ballstedt, Neumark entnehmen Sie bitte dem Ettersberg-Journal unter:https:\/\/www.am-ettersberg.de\/ Den Tourenplan f\u00fcr die Gemeinde Ilmtal-Weinstra\u00dfe entnehmen Sie dem Amtsblatt [&hellip;]<\/p>\n","protected":false},"author":2,"featured_media":0,"parent":0,"menu_order":1,"comment_status":"closed","ping_status":"closed","template":"","meta":{"footnotes":""},"class_list":["post-389","page","type-page","status-publish","hentry"],"_links":{"self":[{"href":"https:\/\/www.azv-nordkreis-weimar.de\/wop\/wp-json\/wp\/v2\/pages\/389","targetHints":{"allow":["GET"]}}],"collection":[{"href":"https:\/\/www.azv-nordkreis-weimar.de\/wop\/wp-json\/wp\/v2\/pages"}],"about":[{"href":"https:\/\/www.azv-nordkreis-weimar.de\/wop\/wp-json\/wp\/v2\/types\/page"}],"author":[{"embeddable":true,"href":"https:\/\/www.azv-nordkreis-weimar.de\/wop\/wp-json\/wp\/v2\/users\/2"}],"replies":[{"embeddable":true,"href":"https:\/\/www.azv-nordkreis-weimar.de\/wop\/wp-json\/wp\/v2\/comments?post=389"}],"version-history":[{"count":110,"href":"https:\/\/www.azv-nordkreis-weimar.de\/wop\/wp-json\/wp\/v2\/pages\/389\/revisions"}],"predecessor-version":[{"id":1501,"href":"https:\/\/www.azv-nordkreis-weimar.de\/wop\/wp-json\/wp\/v2\/pages\/389\/revisions\/1501"}],"wp:attachment":[{"href":"https:\/\/www.azv-nordkreis-weimar.de\/wop\/wp-json\/wp\/v2\/media?parent=389"}],"curies":[{"name":"wp","href":"https:\/\/api.w.org\/{rel}","templated":true}]}}