{"id":26,"date":"2009-02-22T18:39:48","date_gmt":"2009-02-22T17:39:48","guid":{"rendered":"http:\/\/www.azv-nordkreis-weimar.de\/wop\/?page_id=26"},"modified":"2024-11-04T13:37:19","modified_gmt":"2024-11-04T12:37:19","slug":"ansprechpartner","status":"publish","type":"page","link":"https:\/\/www.azv-nordkreis-weimar.de\/wop\/ansprechpartner\/","title":{"rendered":"\u00dcber uns"},"content":{"rendered":"<h2>Lernen Sie uns uns n\u00e4her kennen in unserer <a href=\"https:\/\/www.azv-nordkreis-weimar.de\/wop\/wp-content\/uploads\/2024\/06\/240523d.pdf&quot;\" target=\"_blank&quot;\" rel=\"noopener\">Verbands-Brosch\u00fcre.<\/a><\/h2>\n<hr \/>\n<table style=\"border-style: none;\" width=\"95%\">\n<tbody>\n<tr>\n<td style=\"text-align: left; padding: 15px; border-style: none;\">\n<h2>Ansprechpartner des Verbandes<\/h2>\n<div><\/div>\n<div>\n<p>Verbandsleitung Herr Thomas He\u00df<br \/>\nGesch\u00e4ftsleitung Dr. Dirk Friedrich Tel.-Nr: 0172 9302606<br \/>\nkaufm\u00e4nnischer Mitarbeiter Georg Scheide Tel.-Nr: 0176 18222256<br \/>\nVerwaltung, Planung Tel.-Nr: 036451 738788<br \/>\nE-Mail: <a href=\"mailto:info@azv-nordkreis-weimar.de\">info@azv-nordkreis-weimar.de<\/a><\/p>\n<\/div>\n<hr \/>\n<div>\n<h4>Sachgebiet 1<\/h4>\n<p>&#8211; Geb\u00fchren- und Beitragsfragen, Bescheiderstellung<br \/>\n&#8211; Organisation Leerung Kleinkl\u00e4ranlagen<br \/>\n&#8211; Vertragswesen<br \/>\nFrau Winkler und Frau Staufenbiel<br \/>\nE-Mail: <a href=\"mailto:info@azv-nordkreis-weimar.de\">info@azv-nordkreis-weimar.de<\/a><\/p>\n<\/div>\n<hr \/>\n<div>\n<h4>Sachgebiet 2<\/h4>\n<p>&#8211; Einleitgenehmigungen \/ Leitungsfragen<br \/>\n&#8211; Widerspruchsbearbeitung<br \/>\n&#8211; Berichtswesen Abwasser<br \/>\nFrau Kandetzki<span style=\"font-family: Courier;\"><br \/>\n<\/span><\/p>\n<p>E-Mail: <a href=\"mailto:info@azv-nordkreis-weimar.de\">info@azv-nordkreis-weimar.de<\/a><\/p>\n<\/div>\n<hr \/>\n<div>\n<h4>Kl\u00e4ranlagenbetreuung<\/h4>\n<p>Herr Domanetzki, techn. Anlagenbetreuung Tel.-Nr: 0176 18222258<br \/>\nHerr Schmidt, Kl\u00e4rw\u00e4rter Tel.-Nr: 0176 18222257<\/p>\n<p>Havariedienst ROMO S\u00f6mmerda Tel.-Nr: 03634 622350<br \/>\noder 0171 3410264<\/p>\n<\/div>\n<hr \/>\n<div>\n<h4>F\u00e4kalienentsorgung<\/h4>\n<p>UTD-Grammetal<br \/>\nTel.-Nr: 03643 414354 oder 0172 3474269<\/p>\n<\/div>\n<\/td>\n<\/tr>\n<\/tbody>\n<\/table>\n","protected":false},"excerpt":{"rendered":"<p>Lernen Sie uns uns n\u00e4her kennen in unserer Verbands-Brosch\u00fcre. Ansprechpartner des Verbandes Verbandsleitung Herr Thomas He\u00df Gesch\u00e4ftsleitung Dr. Dirk Friedrich Tel.-Nr: 0172 9302606 kaufm\u00e4nnischer Mitarbeiter Georg Scheide Tel.-Nr: 0176 18222256 Verwaltung, Planung Tel.-Nr: 036451 738788 E-Mail: info@azv-nordkreis-weimar.de Sachgebiet 1 &#8211; Geb\u00fchren- und Beitragsfragen, Bescheiderstellung &#8211; Organisation Leerung Kleinkl\u00e4ranlagen &#8211; Vertragswesen Frau Winkler und Frau Staufenbiel [&hellip;]<\/p>\n","protected":false},"author":3,"featured_media":0,"parent":0,"menu_order":0,"comment_status":"closed","ping_status":"closed","template":"","meta":{"footnotes":""},"class_list":["post-26","page","type-page","status-publish","hentry"],"_links":{"self":[{"href":"https:\/\/www.azv-nordkreis-weimar.de\/wop\/wp-json\/wp\/v2\/pages\/26","targetHints":{"allow":["GET"]}}],"collection":[{"href":"https:\/\/www.azv-nordkreis-weimar.de\/wop\/wp-json\/wp\/v2\/pages"}],"about":[{"href":"https:\/\/www.azv-nordkreis-weimar.de\/wop\/wp-json\/wp\/v2\/types\/page"}],"author":[{"embeddable":true,"href":"https:\/\/www.azv-nordkreis-weimar.de\/wop\/wp-json\/wp\/v2\/users\/3"}],"replies":[{"embeddable":true,"href":"https:\/\/www.azv-nordkreis-weimar.de\/wop\/wp-json\/wp\/v2\/comments?post=26"}],"version-history":[{"count":71,"href":"https:\/\/www.azv-nordkreis-weimar.de\/wop\/wp-json\/wp\/v2\/pages\/26\/revisions"}],"predecessor-version":[{"id":1332,"href":"https:\/\/www.azv-nordkreis-weimar.de\/wop\/wp-json\/wp\/v2\/pages\/26\/revisions\/1332"}],"wp:attachment":[{"href":"https:\/\/www.azv-nordkreis-weimar.de\/wop\/wp-json\/wp\/v2\/media?parent=26"}],"curies":[{"name":"wp","href":"https:\/\/api.w.org\/{rel}","templated":true}]}}