{"id":24,"date":"2009-02-22T18:39:16","date_gmt":"2009-02-22T17:39:16","guid":{"rendered":"http:\/\/www.azv-nordkreis-weimar.de\/wop\/?page_id=24"},"modified":"2025-12-16T10:56:29","modified_gmt":"2025-12-16T09:56:29","slug":"amtsblatt","status":"publish","type":"page","link":"https:\/\/www.azv-nordkreis-weimar.de\/wop\/amtsblatt\/","title":{"rendered":"Amtsblatt"},"content":{"rendered":"<table style=\"border-style: none;\" width=\"95%\">\n<tbody>\n<tr>\n<td style=\"text-align: left; padding: 15px; border-style: none;\">\n<h6><a href=\"https:\/\/www.azv-nordkreis-weimar.de\/wop\/wp-content\/uploads\/2025\/12\/2025.07-AMTSBLATT_Abwasserzweckverband-16.12.2025.pdf\">07\/2025 Amtsblatt des Abwasserzweckverbandes Nordkreis Weimar\u00a0<\/a> \u00a0 \u00a0 \u00a0 \u00a0 \u00a0 \u00a0 \u00a0 \u00a0 \u00a0 \u00a0 \u00a0 \u00a0 <a href=\"https:\/\/www.azv-nordkreis-weimar.de\/wop\/wp-content\/uploads\/2025\/12\/2025.07-AMTSBLATT_Abwasserzweckverband-16.12.2025_hash.txt\"><strong><em>Pr\u00fcf-Hash (SHA512) 07\/2025 <\/em><\/strong><\/a><\/h6>\n<h6><a href=\"https:\/\/www.azv-nordkreis-weimar.de\/wop\/wp-content\/uploads\/2025\/10\/2025.06-AMTSBLATT_Abwasserzweckverband.pdf\">06\/2025 Amtsblatt des Abwasserzweckverbandes Nordkreis Weimar<\/a>\u00a0 \u00a0 \u00a0 \u00a0 \u00a0 \u00a0 \u00a0 \u00a0 \u00a0 \u00a0 \u00a0 \u00a0 \u00a0 <strong><em><a href=\"https:\/\/www.azv-nordkreis-weimar.de\/wop\/wp-content\/uploads\/2025\/12\/2025.06-AMTSBLATT_Abwasserzweckverband_hash.txt\">Pr\u00fcf-Hash (SHA512) 06\/2025<\/a> <\/em> \u00a0<\/strong> \u00a0\u00a0<\/h6>\n<h6><a href=\"https:\/\/www.azv-nordkreis-weimar.de\/wop\/wp-content\/uploads\/2025\/05\/AMTSBLATT-des-Abwasserzweckverband-05.2025.pdf\">05\/2025 Amtsblatt des Abwasserzweckverbandes Nordkreis Weimar<\/a> \u00a0\u00a0 \u00a0 \u00a0 \u00a0 \u00a0 \u00a0 \u00a0 \u00a0 \u00a0 \u00a0 \u00a0 \u00a0<strong> <em><a href=\"https:\/\/www.azv-nordkreis-weimar.de\/wop\/wp-content\/uploads\/2025\/12\/AMTSBLATT-des-Abwasserzweckverband-05.2025_hash.txt\">Pr\u00fcf-Hash(SHA512) 05\/2025<\/a><\/em><\/strong><\/h6>\n<h6><a href=\"https:\/\/www.azv-nordkreis-weimar.de\/wop\/wp-content\/uploads\/2025\/03\/2025.04-AMTSBLATT_Abwasserzweckverband.pdf\">04\/2025 Amtsblatt des Abwasserzweckverbandes Nordkreis Weimar<\/a>\u00a0 \u00a0 \u00a0 \u00a0 \u00a0 \u00a0 \u00a0 \u00a0 \u00a0 \u00a0 \u00a0 \u00a0 \u00a0 <strong><em><a href=\"https:\/\/www.azv-nordkreis-weimar.de\/wop\/wp-content\/uploads\/2025\/12\/2025.04-AMTSBLATT_Abwasserzweckverband_hash.txt\">Pr\u00fcf-Hash(SHA512) 04\/2025<\/a><\/em><\/strong><\/h6>\n<h6><a href=\"https:\/\/www.azv-nordkreis-weimar.de\/wop\/wp-content\/uploads\/2025\/03\/2025.03-AMTSBLATT_Abwasserzweckverband.pdf\">03\/2025 Amtsblatt des Abwasserzweckverbandes Nordkreis Weimar<\/a> \u00a0\u00a0\u00a0\u00a0 \u00a0 \u00a0 \u00a0 \u00a0 \u00a0 \u00a0 \u00a0 \u00a0 \u00a0 \u00a0\u00a0<strong><em><a href=\"https:\/\/www.azv-nordkreis-weimar.de\/wop\/wp-content\/uploads\/2025\/12\/2025.03-AMTSBLATT_Abwasserzweckverband_hash.txt\">Pr\u00fcf-Hash(SHA512) 03\/2025<\/a><\/em><\/strong><\/h6>\n<h6><a href=\"https:\/\/www.azv-nordkreis-weimar.de\/wop\/wp-content\/uploads\/2025\/05\/AMTSBLATT-des-Abwasserzweckverband-02.2025.pdf\">02\/2025 Amtsblatt des Abwasserzweckverbandes Nordkreis Weimar<\/a> \u00a0\u00a0\u00a0 \u00a0 \u00a0 \u00a0 \u00a0 \u00a0 \u00a0 \u00a0 \u00a0 \u00a0 \u00a0 <strong><em>\u00a0<a href=\"https:\/\/www.azv-nordkreis-weimar.de\/wop\/wp-content\/uploads\/2025\/12\/AMTSBLATT-des-Abwasserzweckverband-02.2025_hash.txt\">Pr\u00fcf-Hash(SHA512) 02\/2025<\/a><\/em><\/strong><\/h6>\n<h6><a href=\"https:\/\/www.azv-nordkreis-weimar.de\/wop\/wp-content\/uploads\/2025\/03\/2025.01-AMTSBLATT_Abwasserzweckverband.pdf\">01\/2025 Amtsblatt des Abwasserzweckverbandes Nordkreis Weimar<\/a>\u00a0 \u00a0 \u00a0 \u00a0 \u00a0 \u00a0 \u00a0 \u00a0 \u00a0 \u00a0 \u00a0 \u00a0 \u00a0 \u00a0<em><strong><a href=\"https:\/\/www.azv-nordkreis-weimar.de\/wop\/wp-content\/uploads\/2025\/12\/2025.01-AMTSBLATT_Abwasserzweckverband_hash.txt\">Pr\u00fcf-Hash(SHA512) 01\/2025<\/a><\/strong><\/em><\/h6>\n<h5>___________________________________________________________________________________________________________________________<\/h5>\n<h6><a href=\"https:\/\/www.azv-nordkreis-weimar.de\/wop\/wp-content\/uploads\/2025\/03\/2024.04-AMTSBLATT_Abwasserzweckverband.pdf\">04\/2024 Amtsblatt des Abwasserzweckverbandes Nordkreis Weimar<\/a> \u00a0\u00a0\u00a0\u00a0\u00a0 \u00a0 \u00a0 \u00a0 \u00a0 \u00a0 \u00a0 \u00a0 \u00a0 \u00a0 \u00a0<strong><em><a href=\"https:\/\/www.azv-nordkreis-weimar.de\/wop\/wp-content\/uploads\/2025\/12\/2024.04-AMTSBLATT_Abwasserzweckverband_hash.txt\">Pr\u00fcf-Hash(SHA512) 04\/2024<\/a><\/em><\/strong><\/h6>\n<h6><a href=\"https:\/\/www.azv-nordkreis-weimar.de\/wop\/wp-content\/uploads\/2025\/05\/AMTSBLATT-des-Abwasserzweckverband-03.2024.pdf\">03\/2024 Amtsblatt des Abwasserzweckverbandes Nordkreis Weimar\u00a0<\/a> \u00a0\u00a0\u00a0\u00a0 \u00a0 \u00a0 \u00a0 \u00a0 \u00a0 \u00a0 \u00a0 \u00a0 \u00a0 \u00a0<strong><em><a href=\"https:\/\/www.azv-nordkreis-weimar.de\/wop\/wp-content\/uploads\/2025\/12\/2024.03-AMTSBLATT_Abwasserzweckverband-hash.txt\">Pr\u00fcf-Hash(SHA512) 03\/2024<\/a><\/em><\/strong><\/h6>\n<hr \/>\n<h3><!--more--><\/h3>\n<\/td>\n<\/tr>\n<\/tbody>\n<\/table>\n<p><!--more--><\/p>\n\n\n<p><strong>Die Amtsbl\u00e4tter der Jahre 2003 &#8211; 2024 k\u00f6nnen in der Gesch\u00e4ftsstelle des Abwasserzweckverbandes Nordkreis Weimar, Markt 2 in 99439 Am Ettersberg, w\u00e4hrend der Gesch\u00e4ftszeiten eingesehen werden.&nbsp;Wir bitten um telefonische Anmeldung im Haus (Telefon 063451 738788).<\/strong><\/p>\n","protected":false},"excerpt":{"rendered":"<p>07\/2025 Amtsblatt des Abwasserzweckverbandes Nordkreis Weimar\u00a0 \u00a0 \u00a0 \u00a0 \u00a0 \u00a0 \u00a0 \u00a0 \u00a0 \u00a0 \u00a0 \u00a0 \u00a0 Pr\u00fcf-Hash (SHA512) 07\/2025 06\/2025 Amtsblatt des Abwasserzweckverbandes Nordkreis Weimar\u00a0 \u00a0 \u00a0 \u00a0 \u00a0 \u00a0 \u00a0 \u00a0 \u00a0 \u00a0 \u00a0 \u00a0 \u00a0 Pr\u00fcf-Hash (SHA512) 06\/2025 \u00a0 \u00a0\u00a0 05\/2025 Amtsblatt des Abwasserzweckverbandes Nordkreis Weimar \u00a0\u00a0 \u00a0 \u00a0 \u00a0 \u00a0 [&hellip;]<\/p>\n","protected":false},"author":2,"featured_media":0,"parent":0,"menu_order":0,"comment_status":"closed","ping_status":"closed","template":"","meta":{"footnotes":""},"class_list":["post-24","page","type-page","status-publish","hentry"],"_links":{"self":[{"href":"https:\/\/www.azv-nordkreis-weimar.de\/wop\/wp-json\/wp\/v2\/pages\/24","targetHints":{"allow":["GET"]}}],"collection":[{"href":"https:\/\/www.azv-nordkreis-weimar.de\/wop\/wp-json\/wp\/v2\/pages"}],"about":[{"href":"https:\/\/www.azv-nordkreis-weimar.de\/wop\/wp-json\/wp\/v2\/types\/page"}],"author":[{"embeddable":true,"href":"https:\/\/www.azv-nordkreis-weimar.de\/wop\/wp-json\/wp\/v2\/users\/2"}],"replies":[{"embeddable":true,"href":"https:\/\/www.azv-nordkreis-weimar.de\/wop\/wp-json\/wp\/v2\/comments?post=24"}],"version-history":[{"count":247,"href":"https:\/\/www.azv-nordkreis-weimar.de\/wop\/wp-json\/wp\/v2\/pages\/24\/revisions"}],"predecessor-version":[{"id":1496,"href":"https:\/\/www.azv-nordkreis-weimar.de\/wop\/wp-json\/wp\/v2\/pages\/24\/revisions\/1496"}],"wp:attachment":[{"href":"https:\/\/www.azv-nordkreis-weimar.de\/wop\/wp-json\/wp\/v2\/media?parent=24"}],"curies":[{"name":"wp","href":"https:\/\/api.w.org\/{rel}","templated":true}]}}